{"id":7917,"date":"2025-12-16T19:02:57","date_gmt":"2025-12-16T19:02:57","guid":{"rendered":"https:\/\/conservapucheguin.org\/nuestra-historia\/"},"modified":"2025-12-19T11:03:19","modified_gmt":"2025-12-19T11:03:19","slug":"our-history","status":"publish","type":"page","link":"https:\/\/conservapucheguin.org\/en\/our-history\/","title":{"rendered":"OUR HISTORY"},"content":{"rendered":"<p><div class=\"fusion-fullwidth fullwidth-box fusion-builder-row-1 fusion-flex-container has-pattern-background has-mask-background nonhundred-percent-fullwidth non-hundred-percent-height-scrolling\" style=\"--awb-border-radius-top-left:0px;--awb-border-radius-top-right:0px;--awb-border-radius-bottom-right:0px;--awb-border-radius-bottom-left:0px;--awb-margin-bottom:30px;--awb-flex-wrap:wrap;\" ><div class=\"fusion-builder-row fusion-row fusion-flex-align-items-flex-start fusion-flex-justify-content-center fusion-flex-content-wrap\" style=\"max-width:1300px;margin-left: calc(-4% \/ 2 );margin-right: calc(-4% \/ 2 );\"><div class=\"fusion-layout-column fusion_builder_column fusion-builder-column-0 fusion_builder_column_5_6 5_6 fusion-flex-column\" style=\"--awb-bg-size:cover;--awb-width-large:83.333333333333%;--awb-margin-top-large:0px;--awb-spacing-right-large:2.304%;--awb-margin-bottom-large:0px;--awb-spacing-left-large:2.304%;--awb-width-medium:100%;--awb-order-medium:0;--awb-spacing-right-medium:1.92%;--awb-spacing-left-medium:1.92%;--awb-width-small:100%;--awb-order-small:0;--awb-spacing-right-small:1.92%;--awb-spacing-left-small:1.92%;\"><div class=\"fusion-column-wrapper fusion-column-has-shadow fusion-flex-justify-content-flex-start fusion-content-layout-column\"><div class=\"fusion-title title fusion-title-1 fusion-title-text fusion-title-size-three\" style=\"--awb-text-color:var(--awb-color2);--awb-margin-top-small:10px;--awb-margin-right-small:0px;--awb-margin-bottom-small:10px;--awb-margin-left-small:0px;\"><div class=\"title-sep-container title-sep-container-left fusion-no-large-visibility fusion-no-medium-visibility fusion-no-small-visibility\"><div class=\"title-sep sep- sep-solid\" style=\"border-color:var(--awb-color6);\"><\/div><\/div><span class=\"awb-title-spacer fusion-no-large-visibility fusion-no-medium-visibility fusion-no-small-visibility\"><\/span><h3 class=\"fusion-title-heading title-heading-left fusion-responsive-typography-calculated\" style=\"margin:0;--fontSize:55;line-height:1;\">Hacienda Pucheg\u00fc\u00edn and the Cocham\u00f3 Valley: <span style=\"color: #2a2a2a;\">A History of Conservation Battles and Victories<\/span><\/h3><span class=\"awb-title-spacer\"><\/span><div class=\"title-sep-container title-sep-container-right\"><div class=\"title-sep sep- sep-solid\" style=\"border-color:var(--awb-color6);\"><\/div><\/div><\/div><div class=\"fusion-separator fusion-full-width-sep\" style=\"align-self: center;margin-left: auto;margin-right: auto;margin-top:20px;width:100%;\"><\/div><div class=\"fusion-title title fusion-title-2 fusion-title-text fusion-title-size-four\" style=\"--awb-margin-top-small:10px;--awb-margin-right-small:0px;--awb-margin-bottom-small:10px;--awb-margin-left-small:0px;--awb-font-size:22px;\"><div class=\"title-sep-container title-sep-container-left fusion-no-large-visibility fusion-no-medium-visibility fusion-no-small-visibility\"><div class=\"title-sep sep- sep-solid\" style=\"border-color:var(--awb-color6);\"><\/div><\/div><span class=\"awb-title-spacer fusion-no-large-visibility fusion-no-medium-visibility fusion-no-small-visibility\"><\/span><h4 class=\"fusion-title-heading title-heading-left fusion-responsive-typography-calculated\" style=\"margin:0;font-size:1em;--fontSize:22;--minFontSize:22;line-height:1.59;\">Nestled in the heart of Chile lies the Cocham\u00f3 Valley, a region with a captivating history intertwined with human connection to the land and a fierce dedication to its conservation. This story unfolds over a century, highlighting the threats the valley has faced and the unwavering spirit of the community that has fought to protect it.<\/h4><span class=\"awb-title-spacer\"><\/span><div class=\"title-sep-container title-sep-container-right\"><div class=\"title-sep sep- sep-solid\" style=\"border-color:var(--awb-color6);\"><\/div><\/div><\/div><\/div><\/div><\/div><\/div><div class=\"fusion-fullwidth fullwidth-box fusion-builder-row-2 fusion-flex-container has-pattern-background has-mask-background nonhundred-percent-fullwidth non-hundred-percent-height-scrolling\" style=\"--awb-border-radius-top-left:0px;--awb-border-radius-top-right:0px;--awb-border-radius-bottom-right:0px;--awb-border-radius-bottom-left:0px;--awb-padding-bottom:80px;--awb-flex-wrap:wrap;\" ><div class=\"fusion-builder-row fusion-row fusion-flex-align-items-flex-start fusion-flex-justify-content-center fusion-flex-content-wrap\" style=\"max-width:1300px;margin-left: calc(-4% \/ 2 );margin-right: calc(-4% \/ 2 );\"><div class=\"fusion-layout-column fusion_builder_column fusion-builder-column-1 fusion_builder_column_5_6 5_6 fusion-flex-column\" style=\"--awb-bg-size:cover;--awb-width-large:83.333333333333%;--awb-margin-top-large:0px;--awb-spacing-right-large:2.304%;--awb-margin-bottom-large:0px;--awb-spacing-left-large:2.304%;--awb-width-medium:100%;--awb-order-medium:0;--awb-spacing-right-medium:1.92%;--awb-spacing-left-medium:1.92%;--awb-width-small:100%;--awb-order-small:0;--awb-spacing-right-small:1.92%;--awb-spacing-left-small:1.92%;\"><div class=\"fusion-column-wrapper fusion-column-has-shadow fusion-flex-justify-content-flex-start fusion-content-layout-column\"><div class=\"fusion-text fusion-text-1\" style=\"--awb-font-size:16px;--awb-line-height:28px;\"><p><b>From Agricultural Beginnings to Ecological Haven (1924-1990):<\/b><\/p>\n<p>In 1924, the Pucheg\u00fc\u00edn Agricultural Community established a vast estate in the Cocham\u00f3 Valley encompassing a staggering 250,000 hectares. Intended for agriculture, livestock, and forestry, this land, known as Hacienda Pucheg\u00fc\u00edn, was a haven for ancient forests, glaciers, wetlands, and historic trails. However, due to its remote location and lack of roads, Pucheg\u00fc\u00edn remained largely untouched, preserving its pristine natural state. Early inhabitants that did settle in the region fostered a sustainable ranching lifestyle in harmony with the environment. Over time, settlers applied to get property titles within Hacienda Pucheg\u00fc\u00edn, reducing the property\u2019s size to 131,000 hectares, or 30% of the area of the Cocham\u00f3 municipality, by 1990.<\/p>\n<p><b>Threats Emerge, Community Responds (1998-2009):<\/b><\/p>\n<p>The late 1990s saw the first major threats to the Cocham\u00f3 Valley. Proposals for a timber road and an international highway threatened to disrupt the local environment and culture. These threats sparked a wave of advocacy: local communities mobilized, and in 2009, with unwavering determination, they successfully lobbied President Michelle Bachelet to declare the Cocham\u00f3 River a Water Reserve \u2013 a landmark victory for conservation efforts in Chile.<\/p>\n<p><b>A Decade of Advocacy and Victories (2010-2021):<\/b><\/p>\n<p>As Cocham\u00f3 gained recognition as a world-class climbing and nature tourism destination, the need for responsible tourism management became crucial. The community took a proactive approach, implementing reservation systems and collaborating with the private sector to mitigate the impact of mass tourism.<\/p>\n<p>At the same time, the relentless fight for the valley\u2019s long-term conservation continued. In 2013, Puelo Patagonia was founded to specifically defend the Puelo River from the destructive Mediterr\u00e1neo hydroelectric project. Through legal actions, international support, and unwavering community pressure, this project was ultimately stopped in 2017.<\/p>\n<p><b>From Threat to Opportunity: Securing Pucheg\u00fc\u00edn\u2019s Future (2022-Present):<\/b><\/p>\n<p>In 2022, the sale listing of Pucheg\u00fc\u00edn by Chilean entrepreneur Roberto Hagemann reignited conservation concerns. However, this potential threat transformed into an opportunity: Puelo Patagonia began to seek allies and strategic partners to bring to life the dream of protecting the region in its entirety. Joining forces with The Nature Conservancy, Freyja Foundation, Patagonia Inc., and Wyss Foundation, Puelo Patagonia established the Conserva Pucheg\u00fc\u00edn campaign. Through national and international fundraising efforts, this campaign set out to acquire Pucheg\u00fc\u00edn and safeguard the future of the property \u2013 and the Cocham\u00f3 Valley \u2013 in perpetuity.<\/p>\n<p>In December 2025, Conserva Pucheg\u00fc\u00edn succeeded in raising the funds to purchase Pucheg\u00fc\u00edn. With this milestone achieved, a new phase began focused on securing long-term legal protection for the region and implementing a conservation plan and shared governance model with the local community \u2013 one that safeguards nature while also supporting local livelihoods.<\/p>\n<\/div><\/div><\/div><\/div><\/div><div class=\"fusion-fullwidth fullwidth-box fusion-builder-row-3 fusion-flex-container has-pattern-background has-mask-background fusion-parallax-fixed hundred-percent-fullwidth non-hundred-percent-height-scrolling lazyload\" style=\"--awb-border-color:var(--awb-color5);--awb-border-radius-top-left:0px;--awb-border-radius-top-right:0px;--awb-border-radius-bottom-right:0px;--awb-border-radius-bottom-left:0px;--awb-padding-top:0px;--awb-padding-right:10%;--awb-padding-bottom:0px;--awb-padding-left:10%;--awb-padding-top-medium:50px;--awb-padding-bottom-medium:50px;--awb-padding-top-small:50px;--awb-padding-bottom-small:50px;--awb-margin-top:0px;--awb-margin-bottom:0px;--awb-min-height:100vh;--awb-background-color:var(--awb-color5);--awb-background-size:cover;--awb-flex-wrap:wrap;background-attachment:fixed;\" data-bg=\"https:\/\/conservapucheguin.org\/wp-content\/uploads\/2025\/12\/que-protegemos-d.jpg\" ><div class=\"fusion-builder-row fusion-row fusion-flex-align-items-flex-start fusion-flex-content-wrap\" style=\"width:104% !important;max-width:104% !important;margin-left: calc(-4% \/ 2 );margin-right: calc(-4% \/ 2 );\"><div class=\"fusion-layout-column fusion_builder_column fusion-builder-column-2 fusion_builder_column_1_6 1_6 fusion-flex-column\" style=\"--awb-bg-size:cover;--awb-width-large:16.666666666667%;--awb-margin-top-large:0px;--awb-spacing-right-large:11.52%;--awb-margin-bottom-large:0px;--awb-spacing-left-large:11.52%;--awb-width-medium:100%;--awb-order-medium:0;--awb-spacing-right-medium:1.92%;--awb-spacing-left-medium:1.92%;--awb-width-small:100%;--awb-order-small:0;--awb-spacing-right-small:1.92%;--awb-spacing-left-small:1.92%;\"><div class=\"fusion-column-wrapper fusion-column-has-shadow fusion-flex-justify-content-flex-start fusion-content-layout-column\"><\/div><\/div><div class=\"fusion-layout-column fusion_builder_column fusion-builder-column-3 fusion_builder_column_2_3 2_3 fusion-flex-column fusion-flex-align-self-center\" style=\"--awb-bg-size:cover;--awb-width-large:66.666666666667%;--awb-margin-top-large:0px;--awb-spacing-right-large:2.88%;--awb-margin-bottom-large:0px;--awb-spacing-left-large:2.88%;--awb-width-medium:100%;--awb-order-medium:0;--awb-spacing-right-medium:1.92%;--awb-spacing-left-medium:1.92%;--awb-width-small:100%;--awb-order-small:0;--awb-spacing-right-small:1.92%;--awb-spacing-left-small:1.92%;\" data-scroll-devices=\"small-visibility,medium-visibility,large-visibility\"><div class=\"fusion-column-wrapper fusion-column-has-shadow fusion-flex-justify-content-center fusion-content-layout-column\"><div class=\"fusion-title title fusion-title-3 fusion-title-center fusion-title-text fusion-title-size-two\" style=\"--awb-text-color:var(--awb-color5);--awb-margin-top-small:10px;--awb-margin-right-small:0px;--awb-margin-bottom-small:10px;--awb-margin-left-small:0px;\"><div class=\"title-sep-container title-sep-container-left\"><div class=\"title-sep sep- sep-solid\" style=\"border-color:var(--awb-color6);\"><\/div><\/div><span class=\"awb-title-spacer\"><\/span><h2 class=\"fusion-title-heading title-heading-center fusion-responsive-typography-calculated\" style=\"margin:0;--fontSize:75;line-height:1.1;\">Keep writing history with us.<\/h2><span class=\"awb-title-spacer\"><\/span><div class=\"title-sep-container title-sep-container-right\"><div class=\"title-sep sep- sep-solid\" style=\"border-color:var(--awb-color6);\"><\/div><\/div><\/div><div class=\"fusion-title title fusion-title-4 fusion-title-center fusion-title-text fusion-title-size-three\" style=\"--awb-text-color:var(--awb-color5);--awb-margin-top-small:10px;--awb-margin-right-small:0px;--awb-margin-bottom-small:10px;--awb-margin-left-small:0px;--awb-font-size:40px;\"><div class=\"title-sep-container title-sep-container-left\"><div class=\"title-sep sep- sep-solid\" style=\"border-color:var(--awb-color6);\"><\/div><\/div><span class=\"awb-title-spacer\"><\/span><h3 class=\"fusion-title-heading title-heading-center fusion-responsive-typography-calculated\" style=\"margin:0;font-size:1em;--fontSize:40;line-height:1.1;\">Your support helps ensure this region\u2019s nature and culture thrive for generations to come.<\/h3><span class=\"awb-title-spacer\"><\/span><div class=\"title-sep-container title-sep-container-right\"><div class=\"title-sep sep- sep-solid\" style=\"border-color:var(--awb-color6);\"><\/div><\/div><\/div><div class=\"fusion-separator fusion-full-width-sep\" style=\"align-self: center;margin-left: auto;margin-right: auto;margin-top:30PX;width:100%;\"><\/div><div style=\"text-align:center;\"><a class=\"fusion-button button-flat fusion-button-default-size button-custom fusion-button-default button-1 fusion-button-default-span fusion-button-default-type\" style=\"--button_accent_color:var(--awb-color5);--button_border_color:var(--awb-color5);--button_accent_hover_color:var(--awb-color2);--button_border_hover_color:var(--awb-color2);--button_gradient_top_color:rgba(244,244,244,0);--button_gradient_bottom_color:rgba(244,244,244,0);--button_gradient_top_color_hover:rgba(244,244,244,0);--button_gradient_bottom_color_hover:rgba(244,244,244,0);\" target=\"_self\" data-hover=\"text_slide_up\" href=\"https:\/\/conservapucheguin.org\/en\/donate\/\"><div class=\"awb-button-text-transition \"><span class=\"fusion-button-text awb-button__text awb-button__text--default\">Donate<\/span><span class=\"fusion-button-text awb-button__text awb-button__text--default\">Donate<\/span><\/div><i class=\"fa-chevron-circle-right fas awb-button__icon awb-button__icon--default button-icon-right\" aria-hidden=\"true\"><\/i><\/a><\/div><\/div><\/div><div class=\"fusion-layout-column fusion_builder_column fusion-builder-column-4 fusion_builder_column_1_6 1_6 fusion-flex-column\" style=\"--awb-bg-size:cover;--awb-width-large:16.666666666667%;--awb-margin-top-large:0px;--awb-spacing-right-large:11.52%;--awb-margin-bottom-large:0px;--awb-spacing-left-large:11.52%;--awb-width-medium:100%;--awb-order-medium:0;--awb-spacing-right-medium:1.92%;--awb-spacing-left-medium:1.92%;--awb-width-small:100%;--awb-order-small:0;--awb-spacing-right-small:1.92%;--awb-spacing-left-small:1.92%;\"><div class=\"fusion-column-wrapper fusion-column-has-shadow fusion-flex-justify-content-flex-start fusion-content-layout-column\"><\/div><\/div><\/div><\/div>\n<\/p>\n","protected":false},"excerpt":{"rendered":"","protected":false},"author":1,"featured_media":0,"parent":0,"menu_order":0,"comment_status":"closed","ping_status":"closed","template":"100-width.php","meta":{"nf_dc_page":"","footnotes":""},"class_list":["post-7917","page","type-page","status-publish","hentry"],"aioseo_notices":[],"_links":{"self":[{"href":"https:\/\/conservapucheguin.org\/en\/wp-json\/wp\/v2\/pages\/7917","targetHints":{"allow":["GET"]}}],"collection":[{"href":"https:\/\/conservapucheguin.org\/en\/wp-json\/wp\/v2\/pages"}],"about":[{"href":"https:\/\/conservapucheguin.org\/en\/wp-json\/wp\/v2\/types\/page"}],"author":[{"embeddable":true,"href":"https:\/\/conservapucheguin.org\/en\/wp-json\/wp\/v2\/users\/1"}],"replies":[{"embeddable":true,"href":"https:\/\/conservapucheguin.org\/en\/wp-json\/wp\/v2\/comments?post=7917"}],"version-history":[{"count":10,"href":"https:\/\/conservapucheguin.org\/en\/wp-json\/wp\/v2\/pages\/7917\/revisions"}],"predecessor-version":[{"id":8069,"href":"https:\/\/conservapucheguin.org\/en\/wp-json\/wp\/v2\/pages\/7917\/revisions\/8069"}],"wp:attachment":[{"href":"https:\/\/conservapucheguin.org\/en\/wp-json\/wp\/v2\/media?parent=7917"}],"curies":[{"name":"wp","href":"https:\/\/api.w.org\/{rel}","templated":true}]}}